{"id":3,"date":"2019-05-29T17:51:44","date_gmt":"2019-05-29T15:51:44","guid":{"rendered":"http:\/\/212.110.20.103:82\/mnemos_temp\/wordpress\/?page_id=3"},"modified":"2024-05-17T16:23:58","modified_gmt":"2024-05-17T14:23:58","slug":"privacy-policy","status":"publish","type":"page","link":"https:\/\/www.mnemos.it\/?page_id=3","title":{"rendered":"Privacy policy del sito web"},"content":{"rendered":"\n<p>In questa pagina si descrivono le modalit\u00e0 di gestione del sito in riferimento al trattamento dei dati personali degli utenti che lo consultano.<\/p>\n\n\n\n<p>La presente informativa viene resa anche ai sensi della vigente normativa (Reg. UE 679\/2016 e D.lgs. 196\/03 e s.m.i.) in materia di protezione dei dati personali, nell\u2019interesse di coloro che interagiscono con i servizi web di Theles S.r.l, in persona del l.r.p.t., con sede in Roma, con sede in Roma, Via di Valleranello, 82 (P. IVA 12591311001).<\/p>\n\n\n\n<p>L\u2019informativa \u00e8 resa, e si intende valida, solo per il sito di Theles S.r.l, e non anche per altri siti web\/piattaforme social\/servizi di chat\/messaggistica eventualmente consultati dall\u2019utente tramite linkembedded all\u2019interno del sito del Titolare.<\/p>\n\n\n\n<p><strong>Titolare del trattamento<\/strong><\/p>\n\n\n\n<p>Titolare del trattamento dei dati \u00e8 Theles S.r.l, in persona del l.r.p.t., con sede in Roma, Via di Valleranello, 82 (P. IVA 12591311001).<\/p>\n\n\n\n<p><strong>Luogo di trattamento dei dati<\/strong><\/p>\n\n\n\n<p>I trattamenti connessi ai servizi web di questo sito hanno luogo su data-center dislocati in Italia e nell\u2019Unione Europea, e sono curati da Theles \u2013 con il Reg. UE 679\/16.<\/p>\n\n\n\n<p>Nessun dato derivante dal servizio web fruito viene comunicato o diffuso a terzi non autorizzati; in particolare, i dati restano all\u2019interno degli archivi generati dai singoli tool utilizzati, e gli stessi non vengono mai estratti e collocati in archivi esterni.<\/p>\n\n\n\n<p>I dati personali forniti dagli utenti \u2013 richieste di invio di materiale informativo, di offerte anche commerciali, di servizi, trasmissione di curriculum vitae(anche con inserti multimediali) o altro materiale sono utilizzati al solo fine di eseguire il servizio o la prestazione richiesta \u2013 e potranno essere comunicati a terzi nel solo caso in cui ci\u00f2 sia strettamente necessario ai fini di legge o per realizzare\/erogare il servizio richiesto (spedizione, servizi logistici, analisi dei curricula, etc). Anche in tal caso, i dati saranno custoditi in archivi generati e curati dai tool software utilizzati dal Titolare che al riguardo non mantiene e gestisce, presso la propria Sede, alcun archivio analogico in ragione di una struttura IT delle sue attivit\u00e0 web interamente web based\/cloud based e paperless.<\/p>\n\n\n\n<p><strong>Tipi di dati trattati<\/strong><\/p>\n\n\n\n<p>Dati di navigazione<\/p>\n\n\n\n<p>I sistemi informatici e le procedure software preposte al funzionamento di questo sito web acquisiscono, nel corso del loro normale esercizio, alcuni dati personali la cui trasmissione \u00e8 implicita nell\u2019uso dei protocolli di comunicazione di Internet.<\/p>\n\n\n\n<p>Si tratta di informazioni che non sono raccolte per essere associate a interessati identificati, ma che per loro stessa natura potrebbero, attraverso elaborazioni ed associazioni con dati detenuti da terzi, permettere di identificare gli utenti.<\/p>\n\n\n\n<p>In questa categoria di dati rientrano gli indirizzi IP o i nomi a dominio dei computer utilizzati dagli utenti che si connettono al sito, gli indirizzi in notazione URI (Uniform Resource Identifier) delle risorse richieste, l\u2019orario della richiesta, i cookie, il metodo utilizzato nel sottoporre la richiesta al server, la dimensione del file ottenuto in risposta, il codice numerico indicante lo stato della risposta data dal server (buon fine, errore, ecc.) ed altri parametri relativi al sistema operativo e all\u2019ambiente informatico dell\u2019utente.<\/p>\n\n\n\n<p>Questi dati vengono utilizzati al fine di ricavare in forma anonima ed aggregata informazioni statistiche e di marketing sull\u2019uso del sito e per controllarne il corretto funzionamento. I dati potranno essere utilizzati per l\u2019accertamento di responsabilit\u00e0 in caso di reati informatici ai danni del sito.<\/p>\n\n\n\n<p>Dati forniti volontariamente dall\u2019utente<\/p>\n\n\n\n<p>L\u2019invio facoltativo, esplicito e volontario di posta elettronica agli indirizzi indicati su questo sito comporta la successiva acquisizione dell\u2019indirizzo del mittente, necessario per rispondere alle richieste, nonch\u00e9 degli eventuali altri dati personali inseriti nella missiva.<\/p>\n\n\n\n<p>Specifiche informative di sintesi, laddove necessario, verranno progressivamente riportate o visualizzate nelle pagine del sito predisposte per particolari servizi a richiesta.<\/p>\n\n\n\n<p>Facoltativit\u00e0 del conferimento dei dati<\/p>\n\n\n\n<p>A parte quanto specificato per i dati di navigazione, l\u2019utente \u00e8 libero di fornire i dati personali riportati nei moduli di richiesta di Theles S.r.l per sollecitare l\u2019invio di materiale informativo o di altre comunicazioni. I dati saranno conservati per un periodo tempo non superiore a due (2) anni.<\/p>\n\n\n\n<p>Il loro mancato conferimento pu\u00f2 comportare l\u2019impossibilit\u00e0 di ottenere quanto richiesto.<\/p>\n\n\n\n<p>Modalit\u00e0 del trattamento<\/p>\n\n\n\n<p>I dati personali sono trattati con strumenti automatizzati per il tempo necessario a conseguire gli scopi per cui sono stati raccolti, salva diversa indicazione, detto arco temporale \u00e8 fissato dal Titolare in due (2) anni.<\/p>\n\n\n\n<p>I dati sono sempre custoditi ed archiviati in archivi digitali, creati e gestiti dai tool software utilizzati \u2013 con regolari licenze \u2013 dal Titolare e da questi adottati in quanto compliant al GDPR.<\/p>\n\n\n\n<p>Specifiche misure di sicurezza sono osservate dai singoli tool per prevenire la perdita dei dati, usi illeciti o non corretti ed accessi non autorizzati.<\/p>\n\n\n\n<p>Servizi di trattamento dati e piattaforme di terze parti coinvolte:<\/p>\n\n\n\n<p>I Dati Personali sono raccolti per le seguenti finalit\u00e0<\/p>\n\n\n\n<p>gestire un database di contatti e-mail, contatti telefonici o contatti, basati su meri dati identificativi \u2013 non particolari \u2013 di qualunque altro tipo, utilizzati per comunicare con l\u2019Utente.<\/p>\n\n\n\n<p>Questi servizi potrebbero inoltre consentire di raccogliere dati relativi alla data e all\u2019ora di visualizzazione dei messaggi da parte dell\u2019Utente, cos\u00ec come all\u2019interazione dell\u2019Utente con essi, come le informazioni sui click sui collegamenti inseriti nei messaggi.<\/p>\n\n\n\n<p>2.Integrazione con le piattaforme social:<\/p>\n\n\n\n<p>Questo tipo di servizi permette di interagire con le piattaforme social, gestite da soggetti terzi, direttamente dalle pagine di questa Applicazione.<\/p>\n\n\n\n<p>Nel caso in cui sia installato un servizio di interazione con le piattaforme di live chat, \u00e8 possibile che, anche nel caso gli Utenti non utilizzino il servizio, lo stesso raccolga Dati di Utilizzo relativi alle pagine in cui \u00e8 installato. Inoltre, le conversazioni della live chat, se fruibili e utilizzate dai singoli interessati, potrebbero essere registrate.<\/p>\n\n\n\n<p>Alla data odierna, il sito consente link sulle pagine social di Theles allestite presso le seguenti piattaforme:<\/p>\n\n\n\n<p>facebook;<\/p>\n\n\n\n<p>linkedn;<\/p>\n\n\n\n<p>Si tratta, in tutti i casi, di operatori indipendenti \u2013 terzi rispetto a Theles S.r.l \u2013 titolari di piattaforme software compliant con il GDPR, che governano il trattamento dei dati personali degli interessati, eventualmente anche a fini commerciali, nel rispetto della privacy policy adottata da ciascuno di essi.<\/p>\n\n\n\n<p>Gli utenti di questo sito sono invitati a prendere visione di ogni privacy policy degli operatori predetti, prima di utilizzare i servizi forniti dai medesimi, in ordine ai quali Theles S.r.l&nbsp; declina sin da ora ogni coinvolgimento e responsabilit\u00e0.<\/p>\n\n\n\n<p><a href=\"https:\/\/it-it.facebook.com\/privacy\/explanation\">https:\/\/it-it.facebook.com\/privacy\/explanation<\/a><\/p>\n\n\n\n<p><a href=\"https:\/\/it.linkedin.com\/legal\/privacy-policy?\">https:\/\/it.linkedin.com\/legal\/privacy-policy?<\/a><\/p>\n\n\n\n<p><a href=\"https:\/\/policies.google.com\/privacy?hl=it&amp;gl=it\">https:\/\/policies.google.com\/privacy?hl=it&amp;gl=it<\/a><\/p>\n\n\n\n<p>3.Servizi di piattaforma e hosting:<\/p>\n\n\n\n<p>Questi servizi hanno lo scopo di ospitare e far funzionare componenti chiave di questa Applicazione, rendendo possibile l\u2019erogazione di questa Applicazione da un\u2019unica piattaforma. Queste piattaforme forniscono al Titolare un\u2019ampia gamma di strumenti quali, ad esempio, strumenti analitici, per la gestione della registrazione degli utenti, per la gestione dei commenti e del database, per il commercio elettronico, per l\u2019elaborazione dei pagamenti etc. L\u2019uso di tali strumenti comporta la raccolta e il trattamento di Dati Personali. Alcuni di questi servizi funzionano attraverso server dislocati geograficamente in luoghi differenti, rendendo difficile la determinazione del luogo esatto in cui vengono conservati i Dati Personali.<\/p>\n\n\n\n<p>WordPress.com (Automattic Inc.):<\/p>\n\n\n\n<p>WordPress.com \u00e8 una piattaforma fornita da Automattic Inc. che consente al Titolare di sviluppare, far funzionare ed ospitare questa Applicazione.<\/p>\n\n\n\n<p>Dati Personali raccolti: varie tipologie di Dati secondo quanto specificato dalla Privacy Policy del servizio: https:\/\/it.wordpress.org\/about\/privacy\/<\/p>\n\n\n\n<p>Luogo del trattamento: Stati Uniti.<\/p>\n\n\n\n<p>4.Statistica:<\/p>\n\n\n\n<p>I servizi contenuti nella presente sezione permettono al Titolare del Trattamento di monitorare e analizzare i dati di traffico e servono a tener traccia del comportamento dell\u2019Utente.<\/p>\n\n\n\n<p>Google Analytics (Google LLC):<\/p>\n\n\n\n<p>Google Analytics (di seguito anche semplicemente \u201cAnalytics\u201d) \u00e8 un servizio di statistica offerto da Google Inc. la cui sede principale \u00e8 a 1600 AmphitheatreParkway, Mountain View, CA 94043, USA.<\/p>\n\n\n\n<p>Analytics permette di tenere traccia degli accessi al Sito ed agli amministratori dello stesso di generare e prendere visione dei dati in forma aggregata ed anonima al fine di comprendere l\u2019uso che del Sito fanno i visitatori e per elaborare statistiche.<\/p>\n\n\n\n<p>Google Analytics richiede, per il proprio funzionamento, la presenza sulle pagine del Sito di un codice cosiddetto di tracciamento.<\/p>\n\n\n\n<p>Lo scopo di questo codice \u00e8 individuare, per le finalit\u00e0 di seguito evidenziate, le pagine che visiti durante la sessione di navigazione sul Sito.<\/p>\n\n\n\n<p>Oltre alle pagine visitate tra i dati raccolti possono essere compresi anche, a titolo esemplificativo e non esaustivo, i nomi di dominio e il tipo di browser dei computer utilizzati per connettersi al Sito, gli indirizzi in notazione URI (Uniform Resource Identifier) delle risorse richieste, l\u2019orario della richiesta, parametri riguardanti il sistema operativo e l\u2019ambiente informatico che utilizzi.<\/p>\n\n\n\n<p>Questi dati non consentono, in ogni caso, di giungere all\u2018identit\u00e0 degli utenti, per la loro natura e per le modalit\u00e0 del loro trattamento e sono da considerarsi, quindi, anonimi.<\/p>\n\n\n\n<p>Il trattamento dei dati raccolti viene gestito da Google Inc. mediante strumenti informatici e telematici con logiche strettamente correlate alle finalit\u00e0 di seguito evidenziate e, comunque, in modo da garantire la sicurezza e la riservatezza dei dati stessi.<\/p>\n\n\n\n<p>Per il proprio funzionamento Google Analytics utilizza dei cookie e le informazioni sull\u2019utilizzo del Sito da parte dei visitatori da essi generate sono trasmesse a Google e depositate presso i suoi server negli Stati Uniti.<\/p>\n\n\n\n<p>In relazione alle finalit\u00e0 di seguito descritte, i dati vengono, quindi, aggregati agli altri raccolti e relativi agli altri visitatori del Sito. Il loro trattamento non permette in nessun caso di conoscere o risalire in alcun modo alla tua identit\u00e0.<\/p>\n\n\n\n<p>In ogni caso Google non assocer\u00e0 l\u2019indirizzo IP a nessun altro dato a te relativo e da essa stessa eventualmente posseduto, salvo nel caso vengano utilizzati altri servizi offerti da Google che prevedono detta associazione e per i quali l\u2019utente abbia accettato le relative norme sulla privacy da Google medesima predisposte. In ogni caso la predetta associazione e l\u2019uso dei predetti servizi sono da considerarsi slegati dall\u2019uso o dalla navigazione di questo Sito il cui Titolare del trattamento o altro addetto ad altre mansioni preposto non hanno accesso n\u00e9 diretto, n\u00e9 indiretto, ai dati in quell\u2019occasione da Google raccolti e\/o trattati.<\/p>\n\n\n\n<p>I dati raccolti con le modalit\u00e0 sopra esposte sono utilizzati da Google allo scopo di tracciare e esaminare l\u2019utilizzo del Sito, compilare report sulle attivit\u00e0 dello stesso di cui possono prendere visione gli operatori del Sito abilitati e fornire altri servizi relativi alle attivit\u00e0 del Sito e all\u2019utilizzo di Internet.<\/p>\n\n\n\n<p>L\u2019utente si pu\u00f2 rifiutare di usare i cookies selezionando l\u2019impostazione appropriata sul browser, ma ci\u00f2 potrebbe impedire di utilizzare tutte le funzionalit\u00e0 di questo sito web.<\/p>\n\n\n\n<p>I dati personali sono trasferiti sui server di Google Inc. ed ivi elaborati. Google pu\u00f2 anche trasferire queste informazioni a terzi ove ci\u00f2 sia imposto dalla legge, o laddove tali terzi trattino le suddette informazioni per conto di Google.<\/p>\n\n\n\n<p>Gli amministratori del Sito o il Titolare del trattamento dei dati sullo stesso non possono in alcun modo collegare i dati raccolti con l\u2019identit\u00e0 del titolare, n\u00e9 in maniera diretta, n\u00e9 in maniera indiretta.<\/p>\n\n\n\n<p>Dati Personali raccolti: Cookie e Dati di utilizzo.<\/p>\n\n\n\n<p>Luogo del trattamento: Stati Uniti \u2013 Privacy Policy \u2013 Opt Out. Soggetto aderente al Privacy Shield.<\/p>\n\n\n\n<p>Diritti degli interessati<\/p>\n\n\n\n<p>Il Regolamento UE 2016\/679 (artt. da 15 a 22) conferisce agli interessati l\u2019esercizio di specifici diritti. In particolare, in relazione al trattamento dei suoi dati personali, ha diritto di chiedere al Titolare l\u2019accesso, la rettifica, la cancellazione, la limitazione, l\u2019opposizione e la portabilit\u00e0; inoltre pu\u00f2 proporre reclamo, nei confronti dell\u2019Autorit\u00e0 di Controllo, che in Italia \u00e8 il Garante per la Protezione dei Dati Personali.<\/p>\n\n\n\n<p>In qualsiasi momento, ogni Interessato potr\u00e0 chiedere di esercitare i suoi diritti a Theles s.r.l, in veste di Titolare, contattabile a: privacy@Theles.it.<\/p>\n\n\n\n<p>Privacy policy servizio \u201cContatti\u201d<\/p>\n\n\n\n<p>Si informa che:<\/p>\n\n\n\n<p>Natura dei dati e finalit\u00e0 del trattamento<\/p>\n\n\n\n<p>Theles S.r.l raccoglie attraverso il form \u201cContatti\u201d \u2013 https:\/\/theles.it\/contatti\/ \u2013 i dati personali dell\u2019interessato che intende usare appieno i servizi offerti dal Titolare.<\/p>\n\n\n\n<p>Modalit\u00e0 del trattamento<\/p>\n\n\n\n<p>I dati personali raccolti attraverso il form \u201cpredetto sono trattati con strumenti automatizzati per il tempo strettamente necessario a conseguire le finalit\u00e0 per i quali sono stati raccolti. Specifiche ed idonee misure di sicurezza sono osservate per prevenire la perdita dei dati, usi illeciti o non corretti ed accessi non autorizzati. Quando necessario sono applicate le misure organizzative, tecniche ed informatiche previste dalla normativa per il trattamento dei dati in uno specifico ambito di trattamento (Legge, Provvedimenti dell\u2019Autorit\u00e0 e Normativa europea) per esempio per la gestione delle \u201ccomunicazioni indesiderate\u201d o contro il rischio di \u201cspam\u201d.<\/p>\n\n\n\n<p>Facoltativit\u00e0\/Obbligatoriet\u00e0 del conferimento dei dati e conseguenze del rifiuto<\/p>\n\n\n\n<p>Per poter usare il servizio da noi approntato per comunicare col cliente \u00e8 necessario inserire le informazioni indicate da un asterisco (* informazioni obbligatorie) ed acconsentire specificamente ed espressamente al trattamento dei propri dati personali. In caso di mancato conferimento dei dati nessuna informazione sar\u00e0 acquisita, anche in caso di compilazione parziale dei campi del form. I dati correttamente acquisiti saranno conservati per il periodo necessario alla gestione del servizio comunicazione col cliente, comunque non superiore a due(2) anni.<\/p>\n\n\n\n<p>Ambito di comunicazione o diffusione<\/p>\n\n\n\n<p>I trattamenti connessi al form \u201cContatti\u201d avranno luogo solo con strumenti informatici, gestiti da piattaforme software compliant e ad alta automazione, con conservazione dei dati in archivi presso data center in Italia e in Europa. I dati personali acquisiti attraverso il form predetto non saranno diffusi in alcun modo. I dati potranno essere comunicati solo a persone fisiche o giuridiche, adeguatamente autorizzate, che operano a supporto di Theles S.r.l, per le sole finalit\u00e0 connesse all\u2019adempimento di eventuali rapporti contrattuali. Nessun dato personale sar\u00e0 conservato presso la sede del Titolare, gli stessi saranno sempre custoditi all\u2019interno di archivi elettronici sicuri, nel pi\u00f9 ampio contesto di piattaforme software gestionali sviluppate e mantenute in ossequio ai dettami della privacy by default e privacy by design.<\/p>\n\n\n\n<p>Titolare del trattamento e luogo del trattamento.<\/p>\n\n\n\n<p>Titolare del trattamento dei dati \u00e8 Theles S.r.l., in persona del l.r.p.t., con sede in Roma, Via di Valleranello, 82 (P.IVA 12591311001).<\/p>\n\n\n\n<p>Si rammenta che il Regolamento UE 2016\/679 (artt. da 15 a 22) conferisce agli interessati l\u2019esercizio di specifici diritti. In particolare, in relazione al trattamento dei suoi dati personali, ha diritto di chiedere al Titolare l\u2019accesso, la rettifica, la cancellazione, la limitazione, l\u2019opposizione e la portabilit\u00e0; inoltre pu\u00f2 proporre reclamo, nei confronti dell\u2019Autorit\u00e0 di Controllo, che in Italia \u00e8 il Garante per la Protezione dei Dati Personali.<\/p>\n\n\n\n<p>In qualsiasi momento, ogni Interessato potr\u00e0 chiedere in forma scritta di esercitare i propri diritti a Theles S.r.l, in veste di Titolare, contattabile a: privacy@theles.it.<\/p>\n","protected":false},"excerpt":{"rendered":"<p>In questa pagina si descrivono le modalit\u00e0 di gestione del sito in [&hellip;]<\/p>\n","protected":false},"author":1,"featured_media":0,"parent":0,"menu_order":0,"comment_status":"closed","ping_status":"open","template":"","meta":{"footnotes":""},"_links":{"self":[{"href":"https:\/\/www.mnemos.it\/index.php?rest_route=\/wp\/v2\/pages\/3"}],"collection":[{"href":"https:\/\/www.mnemos.it\/index.php?rest_route=\/wp\/v2\/pages"}],"about":[{"href":"https:\/\/www.mnemos.it\/index.php?rest_route=\/wp\/v2\/types\/page"}],"author":[{"embeddable":true,"href":"https:\/\/www.mnemos.it\/index.php?rest_route=\/wp\/v2\/users\/1"}],"replies":[{"embeddable":true,"href":"https:\/\/www.mnemos.it\/index.php?rest_route=%2Fwp%2Fv2%2Fcomments&post=3"}],"version-history":[{"count":1,"href":"https:\/\/www.mnemos.it\/index.php?rest_route=\/wp\/v2\/pages\/3\/revisions"}],"predecessor-version":[{"id":158,"href":"https:\/\/www.mnemos.it\/index.php?rest_route=\/wp\/v2\/pages\/3\/revisions\/158"}],"wp:attachment":[{"href":"https:\/\/www.mnemos.it\/index.php?rest_route=%2Fwp%2Fv2%2Fmedia&parent=3"}],"curies":[{"name":"wp","href":"https:\/\/api.w.org\/{rel}","templated":true}]}}